{"id":262,"date":"2023-10-26T22:33:43","date_gmt":"2023-10-26T22:33:43","guid":{"rendered":"https:\/\/stickmansound.com\/?page_id=262"},"modified":"2023-10-26T22:50:37","modified_gmt":"2023-10-26T22:50:37","slug":"dmca","status":"publish","type":"page","link":"https:\/\/stickmansound.com\/es\/dmca\/","title":{"rendered":"Pol\u00edtica de la Digital Millenium Copyright Act"},"content":{"rendered":"<div class=\"fusion-fullwidth fullwidth-box fusion-builder-row-1 fusion-flex-container has-pattern-background has-mask-background nonhundred-percent-fullwidth non-hundred-percent-height-scrolling\" style=\"--awb-border-radius-top-left:0px;--awb-border-radius-top-right:0px;--awb-border-radius-bottom-right:0px;--awb-border-radius-bottom-left:0px;--awb-flex-wrap:wrap;\" ><div class=\"fusion-builder-row fusion-row fusion-flex-align-items-flex-start fusion-flex-content-wrap\" style=\"max-width:1248px;margin-left: calc(-4% \/ 2 );margin-right: calc(-4% \/ 2 );\"><div class=\"fusion-layout-column fusion_builder_column fusion-builder-column-0 fusion_builder_column_1_1 1_1 fusion-flex-column\" style=\"--awb-bg-size:cover;--awb-width-large:100%;--awb-margin-top-large:0px;--awb-spacing-right-large:1.92%;--awb-margin-bottom-large:20px;--awb-spacing-left-large:1.92%;--awb-width-medium:100%;--awb-order-medium:0;--awb-spacing-right-medium:1.92%;--awb-spacing-left-medium:1.92%;--awb-width-small:100%;--awb-order-small:0;--awb-spacing-right-small:1.92%;--awb-spacing-left-small:1.92%;\"><div class=\"fusion-column-wrapper fusion-column-has-shadow fusion-flex-justify-content-flex-start fusion-content-layout-column\"><div class=\"fusion-text fusion-text-1\"><p><strong>Pol\u00edtica de la Ley de Derechos de Autor del Milenio Digital<\/strong><\/p>\n<p>Respetamos los derechos de propiedad intelectual de los dem\u00e1s del mismo modo que esperamos que los dem\u00e1s respeten los nuestros. De conformidad con la Ley de Derechos de Autor del Milenio Digital, T\u00edtulo 17 del C\u00f3digo de los Estados Unidos, Secci\u00f3n 512(c), un propietario de derechos de autor o su agente puede enviarnos una notificaci\u00f3n de retirada a trav\u00e9s de nuestro Agente DMCA que se indica a continuaci\u00f3n. Como proveedor de servicios de Internet, tenemos derecho a reclamar inmunidad frente a dichas reclamaciones por infracci\u00f3n en virtud de las disposiciones de \u00abpuerto seguro\u00bb de la DMCA. Para presentarnos una reclamaci\u00f3n por infracci\u00f3n de buena fe, debe enviarnos una notificaci\u00f3n que incluya la siguiente informaci\u00f3n:<\/p>\n<p><strong>Notificaci\u00f3n de infracci\u00f3n &#8211; Reclamaci\u00f3n<\/strong><\/p>\n<p>1. Una firma f\u00edsica o electr\u00f3nica del titular de los derechos de autor (o de alguien autorizado para actuar en nombre del titular);<br \/>\n2. Identificaci\u00f3n de la obra protegida por derechos de autor cuya infracci\u00f3n se alega;<br \/>\n3. Identificaci\u00f3n del material infractor que debe retirarse e informaci\u00f3n razonablemente suficiente para permitir al proveedor de servicios localizar el material. [Please submit the URL of the page in question to assist us in identifying the allegedly offending work];<br \/>\n4. Informaci\u00f3n razonablemente suficiente para permitir al proveedor de servicios ponerse en contacto con la parte reclamante, incluidos su nombre, direcci\u00f3n f\u00edsica, direcci\u00f3n de correo electr\u00f3nico, n\u00famero de tel\u00e9fono y n\u00famero de fax;<br \/>\n5. Una declaraci\u00f3n de que la parte reclamante cree de buena fe que el uso del material no est\u00e1 autorizado por el agente de derechos de autor; y<br \/>\n6. Una declaraci\u00f3n de que la informaci\u00f3n contenida en la notificaci\u00f3n es exacta y, bajo pena de perjurio, que la parte reclamante est\u00e1 autorizada a actuar en nombre del titular de los derechos de autor.<\/p>\n<p>El t\u00edtulo 17 USC \u00a7512(f) establece sanciones civiles por da\u00f1os y perjuicios, incluidas las costas y los honorarios de abogados, contra cualquier persona que, a sabiendas y de forma material, tergiverse determinada informaci\u00f3n en una notificaci\u00f3n de infracci\u00f3n en virtud del t\u00edtulo 17 USC \u00a7512(c)(3).<\/p>\n<p>Env\u00ede todos los avisos de retirada a trav\u00e9s de nuestra p\u00e1gina de Contacto. Por favor, env\u00ede por correo electr\u00f3nico para una pronta atenci\u00f3n.<\/p>\n<p>Tenga en cuenta que podemos compartir la identidad y la informaci\u00f3n de cualquier reclamaci\u00f3n por infracci\u00f3n de derechos de autor que recibamos con el presunto infractor. Al presentar una reclamaci\u00f3n, usted entiende y acepta que su identidad y reclamaci\u00f3n puedan ser comunicadas al presunto infractor.<\/p>\n<p><strong>Contranotificaci\u00f3n &#8211; Restauraci\u00f3n de material<\/strong><\/p>\n<p>Si ha recibido una notificaci\u00f3n de retirada de material debido a una reclamaci\u00f3n por infracci\u00f3n de derechos de autor, puede enviarnos una contranotificaci\u00f3n para intentar que el material en cuesti\u00f3n vuelva al sitio. Dicha notificaci\u00f3n debe realizarse por escrito a nuestro Agente de DMCA y debe contener sustancialmente los siguientes elementos de conformidad con 17 USC Secci\u00f3n 512(g)(3):<\/p>\n<p>1. Su firma f\u00edsica o electr\u00f3nica.<br \/>\n2. Una descripci\u00f3n del material que se ha retirado y la ubicaci\u00f3n original del material antes de su retirada.<br \/>\n3. Una declaraci\u00f3n bajo pena de perjurio de que usted cree de buena fe que el material fue eliminado o inhabilitado como resultado de un error o una identificaci\u00f3n err\u00f3nea del material que debe ser eliminado o inhabilitado.<br \/>\n4. Su nombre, direcci\u00f3n y n\u00famero de tel\u00e9fono, y una declaraci\u00f3n de que acepta la jurisdicci\u00f3n del tribunal federal de distrito para el distrito judicial en el que se encuentra la direcci\u00f3n (o si se encuentra fuera de Estados Unidos, que acepta la jurisdicci\u00f3n de cualquier distrito judicial en el que se encuentre el proveedor de servicios), y que aceptar\u00e1 la notificaci\u00f3n de la persona o empresa que proporcion\u00f3 la notificaci\u00f3n original de infracci\u00f3n.<br \/>\n5. Env\u00ede su contraaviso a trav\u00e9s de nuestra p\u00e1gina de Contacto. Se recomienda encarecidamente el correo electr\u00f3nico.<\/p>\n<p><strong>Pol\u00edtica de infractores reincidentes<\/strong><\/p>\n<p>Nos tomamos muy en serio las infracciones de los derechos de autor. De conformidad con los requisitos de la pol\u00edtica de infractores reincidentes de la Ley de Derechos de Autor del Milenio Digital, mantenemos una lista de notificaciones DMCA de titulares de derechos de autor y hacemos un esfuerzo de buena fe para identificar a cualquier infractor reincidente. Se cancelar\u00e1n las cuentas de aquellos que infrinjan nuestra pol\u00edtica interna de infractores reincidentes.<\/p>\n<p><strong>Modificaciones<\/strong><\/p>\n<p>Nos reservamos el derecho a modificar el contenido de esta p\u00e1gina y su pol\u00edtica de gesti\u00f3n de reclamaciones DMCA en cualquier momento y por cualquier motivo. Le recomendamos que revise esta pol\u00edtica con frecuencia para comprobar si se han producido cambios.<\/p>\n<\/div><\/div><\/div><\/div><\/div>\n","protected":false},"excerpt":{"rendered":"","protected":false},"author":1,"featured_media":0,"parent":0,"menu_order":0,"comment_status":"closed","ping_status":"open","template":"","meta":{"_acf_changed":false,"footnotes":""},"class_list":["post-262","page","type-page","status-publish","hentry"],"acf":[],"_links":{"self":[{"href":"https:\/\/stickmansound.com\/es\/wp-json\/wp\/v2\/pages\/262","targetHints":{"allow":["GET"]}}],"collection":[{"href":"https:\/\/stickmansound.com\/es\/wp-json\/wp\/v2\/pages"}],"about":[{"href":"https:\/\/stickmansound.com\/es\/wp-json\/wp\/v2\/types\/page"}],"author":[{"embeddable":true,"href":"https:\/\/stickmansound.com\/es\/wp-json\/wp\/v2\/users\/1"}],"replies":[{"embeddable":true,"href":"https:\/\/stickmansound.com\/es\/wp-json\/wp\/v2\/comments?post=262"}],"version-history":[{"count":0,"href":"https:\/\/stickmansound.com\/es\/wp-json\/wp\/v2\/pages\/262\/revisions"}],"wp:attachment":[{"href":"https:\/\/stickmansound.com\/es\/wp-json\/wp\/v2\/media?parent=262"}],"curies":[{"name":"wp","href":"https:\/\/api.w.org\/{rel}","templated":true}]}}