{"id":261,"date":"2023-10-26T22:26:51","date_gmt":"2023-10-26T22:26:51","guid":{"rendered":"https:\/\/stickmansound.com\/?page_id=261"},"modified":"2023-10-26T22:32:03","modified_gmt":"2023-10-26T22:32:03","slug":"condiciones-de-uso","status":"publish","type":"page","link":"https:\/\/stickmansound.com\/es\/condiciones-de-uso\/","title":{"rendered":"Condiciones de uso"},"content":{"rendered":"<div class=\"fusion-fullwidth fullwidth-box fusion-builder-row-1 fusion-flex-container has-pattern-background has-mask-background nonhundred-percent-fullwidth non-hundred-percent-height-scrolling\" style=\"--awb-border-radius-top-left:0px;--awb-border-radius-top-right:0px;--awb-border-radius-bottom-right:0px;--awb-border-radius-bottom-left:0px;--awb-flex-wrap:wrap;\" ><div class=\"fusion-builder-row fusion-row fusion-flex-align-items-flex-start fusion-flex-content-wrap\" style=\"max-width:1248px;margin-left: calc(-4% \/ 2 );margin-right: calc(-4% \/ 2 );\"><div class=\"fusion-layout-column fusion_builder_column fusion-builder-column-0 fusion_builder_column_1_1 1_1 fusion-flex-column\" style=\"--awb-bg-size:cover;--awb-width-large:100%;--awb-margin-top-large:0px;--awb-spacing-right-large:1.92%;--awb-margin-bottom-large:20px;--awb-spacing-left-large:1.92%;--awb-width-medium:100%;--awb-order-medium:0;--awb-spacing-right-medium:1.92%;--awb-spacing-left-medium:1.92%;--awb-width-small:100%;--awb-order-small:0;--awb-spacing-right-small:1.92%;--awb-spacing-left-small:1.92%;\"><div class=\"fusion-column-wrapper fusion-column-has-shadow fusion-flex-justify-content-flex-start fusion-content-layout-column\"><div class=\"fusion-text fusion-text-1\"><p><strong>1. EFECTO VINCULANTE.  <\/strong>Este es un acuerdo vinculante entre usted y Stickman Sound (\u00abnosotros\u00bb, \u00abla Empresa\u00bb). Al utilizar el sitio de Internet ubicado en http:\/\/stickmansound.com (el \u00abSitio\u00bb), usted acepta cumplir estas Condiciones de uso. Si en alg\u00fan momento considera inaceptables estas Condiciones de uso, deber\u00e1 abandonar inmediatamente el Sitio y dejar de utilizarlo.<\/p>\n<p><strong>2. POL\u00cdTICA DE PRIVACIDAD.  <\/strong>Respetamos su privacidad y le permitimos controlar el tratamiento de su informaci\u00f3n personal. Puede encontrar una declaraci\u00f3n completa de nuestra pol\u00edtica de privacidad actual haciendo clic aqu\u00ed. Nuestra pol\u00edtica de privacidad se incorpora expresamente a este Acuerdo mediante esta referencia.<\/p>\n<p><strong>3. DERECHO APLICABLE.  <\/strong>Las presentes Condiciones de uso se interpretar\u00e1n y regir\u00e1n de conformidad con la legislaci\u00f3n de California y Estados Unidos, sin referencia a normas relativas a conflictos de leyes. Este Sitio est\u00e1 destinado a personas f\u00edsicas residentes en los Estados Unidos de Am\u00e9rica.<\/p>\n<p><strong>4. EDAD M\u00cdNIMA.  <\/strong>Debe tener al menos 18 a\u00f1os para acceder y participar en este sitio. Usted garantiza que tiene al menos 18 a\u00f1os de edad y que puede suscribir el presente Acuerdo desde una perspectiva legal.<\/p>\n<p><strong>5. INSCRIPCIONES Y ENV\u00cdOS DE LIBROS ELECTR\u00d3NICOS.  <\/strong>Tiene la opci\u00f3n, pero no la obligaci\u00f3n, de inscribirse y recibir un libro electr\u00f3nico gratuito nuestro. Si lo hace, est\u00e1 aceptando recibir m\u00e1s correos electr\u00f3nicos nuestros de car\u00e1cter comercial.<\/p>\n<p><strong>6. COMUNICACIONES POR CORREO ELECTR\u00d3NICO.  <\/strong>Cuando se pone en contacto con nosotros, da su consentimiento expreso y acepta recibir respuestas nuestras por correo electr\u00f3nico. Estas comunicaciones por correo electr\u00f3nico pueden ser de car\u00e1cter comercial o no comercial. Los correos electr\u00f3nicos no comerciales pueden incluir, entre otras cosas, cuestiones administrativas y anuncios de cambios en estas Condiciones, la Pol\u00edtica de privacidad u otra documentaci\u00f3n del sitio.<\/p>\n<p><strong>7. USO DE PROGRAMAS INFORM\u00c1TICOS.  <\/strong>La Empresa puede poner a su disposici\u00f3n determinado software desde el Sitio. Si descarga software del Sitio, el software, incluidos todos los archivos e im\u00e1genes contenidos en el software o generados por \u00e9ste, y los datos que lo acompa\u00f1an (denominados colectivamente \u00abSoftware\u00bb) se consideran cedidos bajo licencia a usted por la Empresa, \u00fanicamente para su uso personal, no comercial y dom\u00e9stico. La Empresa no transfiere ni la titularidad ni los derechos de propiedad intelectual del Software, y la Empresa conserva la titularidad plena y completa del Software, as\u00ed como todos los derechos de propiedad intelectual del mismo. Usted no puede vender, redistribuir o reproducir el Software, ni puede descompilar, realizar ingenier\u00eda inversa, desensamblar o convertir el Software a una forma perceptible por el ser humano. Todas las marcas comerciales y logotipos son propiedad de la Empresa o de sus licenciantes y usted no puede copiarlos ni utilizarlos de ninguna manera.<\/p>\n<p><strong>8. CONTENIDO DEL USUARIO.  <\/strong>Al publicar, descargar, mostrar, ejecutar, transmitir o distribuir de cualquier otro modo informaci\u00f3n u otro contenido (\u00abContenido del usuario\u00bb) en el sitio, usted concede a la Empresa, sus filiales, directivos, directores, empleados, consultores, agentes y representantes una licencia permanente y no exclusiva para utilizar el Contenido del usuario en relaci\u00f3n con el funcionamiento de los negocios en Internet de la Empresa, sus filiales, directivos, directores, empleados, consultores, agentes y representantes, incluido, entre otros, el derecho a copiar, distribuir, transmitir, mostrar p\u00fablicamente, ejecutar p\u00fablicamente, reproducir, editar, traducir y reformatear el Contenido del usuario. No se le compensar\u00e1 por ning\u00fan Contenido de Usuario. Usted acepta que la Empresa publique o divulgue de cualquier otro modo su nombre en relaci\u00f3n con su Contenido de usuario. Al publicar Contenido del usuario en el sitio, usted garantiza y declara que posee los derechos del Contenido del usuario o que est\u00e1 autorizado a publicar, distribuir, mostrar, ejecutar, transmitir o distribuir de cualquier otro modo el Contenido del usuario.<\/p>\n<p><strong>9. CUMPLIMIENTO DE LAS LEYES DE PROPIEDAD INTELECTUAL.  <\/strong>Al acceder al sitio, usted se compromete a respetar los derechos de propiedad intelectual de terceros. Su uso del sitio se rige en todo momento por las leyes relativas a la titularidad de los derechos de autor y al uso de la propiedad intelectual, y est\u00e1 sujeto a ellas. Usted se compromete a no cargar, descargar, mostrar, ejecutar, transmitir o distribuir de cualquier otro modo cualquier informaci\u00f3n o contenido (colectivamente, \u00abContenido\u00bb) que infrinja los derechos de autor, marcas comerciales u otros derechos de propiedad intelectual o de propiedad de terceros. Usted se compromete a respetar las leyes relativas a la titularidad de los derechos de autor y el uso de la propiedad intelectual, y ser\u00e1 el \u00fanico responsable de cualquier infracci\u00f3n de las leyes pertinentes y de cualquier violaci\u00f3n de los derechos de terceros causada por cualquier Contenido que usted proporcione o transmita, o que se proporcione o transmita utilizando su ID de usuario. La carga de demostrar que cualquier Contenido no infringe ninguna ley o derecho de terceros recae exclusivamente en usted. Todos los asuntos relacionados con la Ley de Derechos de Autor del Milenio Digital (DMCA) se tramitan de conformidad con nuestra Pol\u00edtica DMCA, a la que puede acceder a trav\u00e9s del enlace DMCA situado en la parte inferior de la p\u00e1gina.<\/p>\n<p><strong>10. CONTENIDO INAPROPIADO.  <\/strong>Usted se compromete a no cargar, descargar, mostrar, ejecutar, transmitir o distribuir de otro modo ning\u00fan Contenido que (a) sea calumnioso, difamatorio, obsceno, pornogr\u00e1fico, abusivo o amenazador; (b) defienda o fomente conductas que puedan constituir un delito penal, dar lugar a responsabilidad civil o infringir de otro modo cualquier ley o normativa local, estatal, nacional o extranjera aplicable; (c) haga publicidad o solicite fondos de otro modo o sea una solicitud de bienes o servicios; o (d) proporcione consejos m\u00e9dicos a otros usuarios. La empresa se reserva el derecho a poner fin a la recepci\u00f3n, transmisi\u00f3n u otro tipo de distribuci\u00f3n de cualquier material de este tipo que utilice el sitio y, si procede, a eliminar dicho material de sus servidores. La Empresa tiene la intenci\u00f3n de cooperar plenamente con cualquier agente u organismo encargado de hacer cumplir la ley en la investigaci\u00f3n de cualquier infracci\u00f3n de estas Condiciones o de cualquier ley aplicable.<\/p>\n<p><strong>11. CUMPLIMIENTO DE LAS LEYES DE PROPIEDAD INTELECTUAL.  <\/strong>Al acceder al Sitio, usted se compromete a cumplir la ley y a respetar los derechos de propiedad intelectual de terceros. Su uso del Sitio se rige en todo momento por las leyes relativas a la titularidad de los derechos de autor y al uso de la propiedad intelectual, y est\u00e1 sujeto a ellas. Usted se compromete a no cargar, descargar, mostrar, ejecutar, transmitir o distribuir de cualquier otro modo cualquier informaci\u00f3n o contenido (colectivamente, \u00abContenido\u00bb) que infrinja los derechos de autor, marcas comerciales u otros derechos de propiedad intelectual o de propiedad de terceros. Usted se compromete a respetar las leyes relativas a la titularidad de los derechos de autor y al uso de la propiedad intelectual, y ser\u00e1 el \u00fanico responsable de cualquier infracci\u00f3n de las leyes pertinentes y de cualquier violaci\u00f3n de los derechos de terceros causada por cualquier Contenido que usted proporcione o transmita, o que se proporcione o transmita utilizando su cuenta. La carga de demostrar que cualquier Contenido no infringe ninguna ley o derecho de terceros recae exclusivamente en usted.<\/p>\n<p><strong>12. SIN GARANT\u00cdAS.  <\/strong>POR LA PRESENTE DECLINAMOS TODA GARANT\u00cdA. PONEMOS EL SITIO A SU DISPOSICI\u00d3N \u00abTAL CUAL\u00bb, SIN GARANT\u00cdA DE NING\u00daN TIPO. USTED ASUME EL RIESGO DE CUALQUIER DA\u00d1O O P\u00c9RDIDA DERIVADOS DEL USO O DE LA IMPOSIBILIDAD DE USO DEL SITIO O DEL SERVICIO. EN LA MEDIDA M\u00c1XIMA PERMITIDA POR LA LEY, RENUNCIAMOS EXPRESAMENTE A TODAS Y CADA UNA DE LAS GARANT\u00cdAS, EXPRESAS O IMPL\u00cdCITAS, RELATIVAS AL SITIO, INCLUIDAS, ENTRE OTRAS, LAS GARANT\u00cdAS IMPL\u00cdCITAS DE COMERCIABILIDAD, IDONEIDAD PARA UN FIN DETERMINADO O NO INFRACCI\u00d3N. NO GARANTIZAMOS QUE EL SITIO O EL SERVICIO SATISFAGAN SUS NECESIDADES NI QUE EL FUNCIONAMIENTO DEL SITIO O DEL SERVICIO SEA ININTERRUMPIDO O EST\u00c9 LIBRE DE ERRORES.<\/p>\n<p><strong>13. RESPONSABILIDAD LIMITADA.  <\/strong>NUESTRA RESPONSABILIDAD HACIA USTED ES LIMITADA. EN LA MEDIDA M\u00c1XIMA PERMITIDA POR LA LEY, EN NING\u00daN CASO SEREMOS RESPONSABLES DE DA\u00d1OS DE NING\u00daN TIPO (INCLUIDOS, ENTRE OTROS, DA\u00d1OS ESPECIALES, INCIDENTALES O CONSECUENTES, LUCRO CESANTE O P\u00c9RDIDA DE DATOS, CON INDEPENDENCIA DE LA PREVISIBILIDAD DE DICHOS DA\u00d1OS) DERIVADOS O RELACIONADOS CON EL USO QUE USTED HAGA DEL SITIO O DE CUALQUIER OTRO MATERIAL O SERVICIO QUE NOSOTROS LE PROPORCIONEMOS. Esta limitaci\u00f3n se aplicar\u00e1 independientemente de que los da\u00f1os se deriven del incumplimiento de un contrato, de un agravio o de cualquier otra teor\u00eda legal o forma de acci\u00f3n.<\/p>\n<p><strong>14. SITIOS AFILIADOS.  <\/strong>No tenemos ning\u00fan control ni responsabilidad sobre los sitios web o materiales de terceros. Trabajamos con una serie de socios cuyos sitios de Internet pueden estar enlazados con el Sitio. Dado que no tenemos ning\u00fan control sobre el contenido y el funcionamiento de estos sitios asociados y afiliados, no ofrecemos ninguna garant\u00eda sobre la exactitud, actualidad, contenido o calidad de la informaci\u00f3n proporcionada por dichos sitios, y no asumimos ninguna responsabilidad por el contenido no deseado, censurable, inexacto, enga\u00f1oso o ilegal que pueda residir en esos sitios. Del mismo modo, de vez en cuando, en relaci\u00f3n con su uso del Sitio, puede tener acceso a elementos de contenido (incluidos, entre otros, sitios web) que son propiedad de terceros. Usted reconoce y acepta que no garantizamos ni asumimos responsabilidad alguna por la exactitud, vigencia, contenido o calidad de estos contenidos de terceros y que, salvo que se disponga expresamente lo contrario, estas Condiciones de uso regir\u00e1n el uso que usted haga de todos y cada uno de los contenidos de terceros.<\/p>\n<p><strong>15. USOS PROHIBIDOS.  <\/strong>Imponemos ciertas restricciones al uso permitido del Sitio. Se le proh\u00edbe violar o intentar violar cualquier caracter\u00edstica de seguridad del Sitio, incluyendo, sin limitaci\u00f3n, (a) acceder a contenidos o datos no destinados a usted, o iniciar sesi\u00f3n en un servidor o cuenta a los que no est\u00e9 autorizado a acceder; (b) intentar sondear, escanear o probar la vulnerabilidad del Sitio o de cualquier sistema o red asociados, o vulnerar las medidas de seguridad o autenticaci\u00f3n sin la debida autorizaci\u00f3n; (c) interferir o intentar interferir con el servicio a cualquier usuario, host o red, incluyendo, sin limitaci\u00f3n, mediante el env\u00edo de un virus al Sitio, sobrecarga, \u00abflooding\u00bb, \u00abspamming\u00bb, \u00abmail bombing\u00bb, \u00abcrashing\u00bb o instituir un ataque \u00abDDOS\u00bb en el Sitio; (d) utilizar el Sitio para enviar correo electr\u00f3nico no solicitado, incluyendo, sin limitaci\u00f3n, promociones o anuncios de productos o servicios; (e) falsificar cualquier encabezado de paquete TCP\/IP o cualquier parte de la informaci\u00f3n de encabezado en cualquier correo electr\u00f3nico o en cualquier publicaci\u00f3n que utilice el Sitio; o (f) intentar modificar, realizar ingenier\u00eda inversa, descompilar, desensamblar o reducir o intentar reducir a una forma perceptible por el ser humano cualquiera de los c\u00f3digos fuente utilizados por nosotros para proporcionar el Sitio. Cualquier violaci\u00f3n de la seguridad del sistema o de la red puede exponerle a responsabilidades civiles y\/o penales.<\/p>\n<p><strong>16. INDEMNIDAD.  <\/strong>Usted acepta indemnizarnos por algunos de sus actos y omisiones. Usted acepta indemnizar, defender y eximir de responsabilidad a la Empresa, sus filiales, directivos, directores, empleados, consultores, agentes y representantes frente a cualquier reclamaci\u00f3n, p\u00e9rdida, responsabilidad, da\u00f1os y\/o costes de terceros (incluidos los honorarios y costes razonables de abogados) derivados de su acceso o uso del Sitio, de su infracci\u00f3n de estas Condiciones de uso o de su infracci\u00f3n, o de la infracci\u00f3n por parte de cualquier otro usuario de su cuenta, de cualquier derecho de propiedad intelectual o de otro tipo de cualquier persona o entidad. Le notificaremos con prontitud cualquier reclamaci\u00f3n, p\u00e9rdida, responsabilidad o demanda de este tipo, y le proporcionaremos asistencia razonable, a su cargo, para defender cualquier reclamaci\u00f3n, p\u00e9rdida, responsabilidad, da\u00f1o o coste de este tipo.<\/p>\n<p><strong>17. COPYRIGHT.  <\/strong>Todos los contenidos del Sitio o Servicio son: Copyright \u00a9 2016-2023 Stickman Sound.<\/p>\n<p><strong>18. DIVISIBILIDAD; RENUNCIA.  <\/strong>Si, por cualquier motivo, un tribunal de la jurisdicci\u00f3n competente considera que cualquier t\u00e9rmino o condici\u00f3n de estas Condiciones de uso es inaplicable, todos los dem\u00e1s t\u00e9rminos y condiciones permanecer\u00e1n inalterados y en pleno vigor y efecto. Ninguna renuncia al incumplimiento de una disposici\u00f3n de estas Condiciones de uso constituir\u00e1 una renuncia a cualquier incumplimiento anterior, simult\u00e1neo o posterior de la misma disposici\u00f3n o de cualquier otra, y ninguna renuncia ser\u00e1 efectiva a menos que se haga por escrito y est\u00e9 firmada por un representante autorizado de la parte que renuncia.<\/p>\n<p><strong>19. SIN LICENCIA.  <\/strong>Nada de lo contenido en el Sitio debe entenderse como una concesi\u00f3n de licencia para utilizar cualquiera de las marcas comerciales, marcas de servicio o logotipos de nuestra propiedad o de terceros.<\/p>\n<p><strong>20. USO EXCLUSIVO EN ESTADOS UNIDOS.  <\/strong>El Sitio est\u00e1 controlado y gestionado por la Empresa desde sus oficinas en el Estado de California. El dominio del sitio web est\u00e1 registrado en Estados Unidos y el Sitio est\u00e1 alojado en Estados Unidos. Este sitio est\u00e1 dirigido exclusivamente a personas residentes en Estados Unidos. La empresa no garantiza que cualquiera de los materiales o servicios a los que se le ha dado acceso est\u00e9n disponibles o sean apropiados para su uso en otros lugares. Su uso o acceso al Sitio no debe interpretarse como el aprovechamiento intencionado por parte de la Empresa de los beneficios o privilegios de hacer negocios en cualquier estado o jurisdicci\u00f3n que no sea California y los Estados Unidos.<\/p>\n<p><strong>21. ENMIENDAS.  <\/strong>La Empresa se reserva el derecho a modificar estas Condiciones. En caso de que la Empresa intente realizar una modificaci\u00f3n de este tipo, que nosotros determinemos que es sustancial a nuestra entera discreci\u00f3n, deberemos:<\/p>\n<p>(a) Avisarle por correo electr\u00f3nico de dicho cambio 15 d\u00edas antes de su entrada en vigor, y<br \/>\n(b) Publicar en la p\u00e1gina de inicio el hecho de que se va a realizar una modificaci\u00f3n.<\/p>\n<p>En caso de que un tribunal de jurisdicci\u00f3n competente declare inv\u00e1lida esta cl\u00e1usula de Enmienda, esta cl\u00e1usula de Enmienda quedar\u00e1 sin efecto como parte de este acuerdo. Todas las modificaciones de las Condiciones tendr\u00e1n car\u00e1cter prospectivo.<\/p>\n<\/div><\/div><\/div><\/div><\/div>\n","protected":false},"excerpt":{"rendered":"","protected":false},"author":1,"featured_media":0,"parent":0,"menu_order":0,"comment_status":"closed","ping_status":"open","template":"","meta":{"_acf_changed":false,"footnotes":""},"class_list":["post-261","page","type-page","status-publish","hentry"],"acf":[],"_links":{"self":[{"href":"https:\/\/stickmansound.com\/es\/wp-json\/wp\/v2\/pages\/261","targetHints":{"allow":["GET"]}}],"collection":[{"href":"https:\/\/stickmansound.com\/es\/wp-json\/wp\/v2\/pages"}],"about":[{"href":"https:\/\/stickmansound.com\/es\/wp-json\/wp\/v2\/types\/page"}],"author":[{"embeddable":true,"href":"https:\/\/stickmansound.com\/es\/wp-json\/wp\/v2\/users\/1"}],"replies":[{"embeddable":true,"href":"https:\/\/stickmansound.com\/es\/wp-json\/wp\/v2\/comments?post=261"}],"version-history":[{"count":0,"href":"https:\/\/stickmansound.com\/es\/wp-json\/wp\/v2\/pages\/261\/revisions"}],"wp:attachment":[{"href":"https:\/\/stickmansound.com\/es\/wp-json\/wp\/v2\/media?parent=261"}],"curies":[{"name":"wp","href":"https:\/\/api.w.org\/{rel}","templated":true}]}}