{"id":260,"date":"2023-06-27T17:28:46","date_gmt":"2023-06-27T17:28:46","guid":{"rendered":"https:\/\/stickmansound.com\/politica-de-privacidad\/"},"modified":"2023-10-26T22:12:14","modified_gmt":"2023-10-26T22:12:14","slug":"politica-de-privacidad","status":"publish","type":"page","link":"https:\/\/stickmansound.com\/es\/politica-de-privacidad\/","title":{"rendered":"Pol\u00edtica de privacidad"},"content":{"rendered":"<div class=\"fusion-fullwidth fullwidth-box fusion-builder-row-1 fusion-flex-container has-pattern-background has-mask-background nonhundred-percent-fullwidth non-hundred-percent-height-scrolling\" style=\"--awb-border-radius-top-left:0px;--awb-border-radius-top-right:0px;--awb-border-radius-bottom-right:0px;--awb-border-radius-bottom-left:0px;--awb-flex-wrap:wrap;\" ><div class=\"fusion-builder-row fusion-row fusion-flex-align-items-flex-start fusion-flex-content-wrap\" style=\"max-width:1248px;margin-left: calc(-4% \/ 2 );margin-right: calc(-4% \/ 2 );\"><div class=\"fusion-layout-column fusion_builder_column fusion-builder-column-0 fusion_builder_column_1_1 1_1 fusion-flex-column\" style=\"--awb-bg-size:cover;--awb-width-large:100%;--awb-margin-top-large:0px;--awb-spacing-right-large:1.92%;--awb-margin-bottom-large:20px;--awb-spacing-left-large:1.92%;--awb-width-medium:100%;--awb-order-medium:0;--awb-spacing-right-medium:1.92%;--awb-spacing-left-medium:1.92%;--awb-width-small:100%;--awb-order-small:0;--awb-spacing-right-small:1.92%;--awb-spacing-left-small:1.92%;\"><div class=\"fusion-column-wrapper fusion-column-has-shadow fusion-flex-justify-content-flex-start fusion-content-layout-column\"><div class=\"fusion-text fusion-text-1\"><p><strong>1. INTRODUCCI\u00d3N<\/strong><\/p>\n<p>1.1. OBJETIVO DE LA POL\u00cdTICA. Stickman Sound (\u00abnosotros\u00bb, \u00abla Empresa\u00bb) se compromete a respetar los derechos de privacidad de los visitantes y otros usuarios de Stickman Sound (el \u00abSitio\u00bb). Hemos creado esta Pol\u00edtica de Privacidad (esta \u00abPol\u00edtica\u00bb) para darle confianza cuando visite y utilice el Sitio, y para demostrar nuestro compromiso con unas pr\u00e1cticas de informaci\u00f3n justas. Esta Pol\u00edtica s\u00f3lo es aplicable al Sitio, y no a otros sitios web a los que pueda acceder desde el Sitio, cada uno de los cuales puede tener pr\u00e1cticas y pol\u00edticas de recopilaci\u00f3n y uso de datos que difieran materialmente de esta Pol\u00edtica.<\/p>\n<p>1.2. AVISO RELATIVO A LOS NI\u00d1OS<\/p>\n<p>ATENCI\u00d3N: Somos un sitio de audiencia general y no dirigimos ninguno de nuestros contenidos espec\u00edficamente a ni\u00f1os menores de 13 a\u00f1os, de conformidad con la Ley de Protecci\u00f3n de la Privacidad Infantil en Internet de 1998.<\/p>\n<p><strong>2. PR\u00c1CTICAS DE COLECTA DE INFORMACI\u00d3N<\/strong><\/p>\n<p>2.1. \u00bfQU\u00c9 INFORMACI\u00d3N B\u00c1SICA RECOPILA LA EMPRESA?<\/p>\n<p>En el funcionamiento del Sitio, recogemos informaci\u00f3n personal suya en un par de situaciones diferentes. La primera es si debe ponerse en contacto con nosotros a trav\u00e9s de la p\u00e1gina \u00abcontacto\u00bb. Al hacerlo, nos facilitar\u00e1 su nombre y direcci\u00f3n de correo electr\u00f3nico. La segunda es si deja un comentario en una entrada del blog, durante el cual se le puede pedir un nombre y otra informaci\u00f3n. Usted no est\u00e1 obligado a proporcionarnos informaci\u00f3n a trav\u00e9s de estos dos m\u00e9todos para utilizar y disfrutar del Sitio.<\/p>\n<p>2.2. \u00bfQU\u00c9 INFORMACI\u00d3N ADICIONAL RECOPILA LA EMPRESA?<\/p>\n<p>(a) RECOLECTA AUTOM\u00c1TICA. Nuestros servidores reconocen autom\u00e1ticamente los nombres de dominio y las direcciones IP (el n\u00famero asignado a los ordenadores en Internet) de los visitantes. En este proceso no se revela ninguna informaci\u00f3n personal sobre usted. El sitio tambi\u00e9n puede recopilar \u00abdatos de tr\u00e1fico\u00bb an\u00f3nimos que no le identifican personalmente, pero que pueden ser \u00fatiles para fines de marketing o para mejorar los servicios que ofrecemos.<\/p>\n<p>(b) COOKIES. De vez en cuando, podemos utilizar la funci\u00f3n est\u00e1ndar de \u00abcookies\u00bb de las principales aplicaciones de navegaci\u00f3n que nos permite almacenar un peque\u00f1o fragmento de datos en su ordenador sobre su visita a nuestro Sitio. Las cookies nos ayudan a saber qu\u00e9 \u00e1reas de nuestro Sitio son \u00fatiles y qu\u00e9 \u00e1reas necesitan mejoras a trav\u00e9s de programas que incluyen, entre otros, Google Analytics. Tambi\u00e9n podemos utilizar cookies de sitios y programas sociales de terceros, incluidos, entre otros, Facebook, Google Plus y Twitter. Puede optar por desactivar las cookies a trav\u00e9s de su navegador o de programas independientes disponibles en l\u00ednea. Sin embargo, si decide desactivar esta funci\u00f3n, su experiencia en nuestro Sitio puede verse afectada, ya que algunas funciones pueden no funcionar como se pretend\u00eda.<\/p>\n<p>(c) PATROCINADORES Y ANUNCIANTES. Podemos decidir aceptar patrocinios y anuncios en el Sitio. Si esto ocurriera, deber\u00eda asumir que dichos patrocinadores y anunciantes tendr\u00e1n acceso a los datos de impresiones y clics de sus piezas de marketing. Nunca les revelaremos sus datos personales.<\/p>\n<p><strong>3. USO E INTERCAMBIO DE INFORMACI\u00d3N<\/strong><\/p>\n<p>3.1. \u00bfQU\u00c9 HACE LA EMPRESA CON LA INFORMACI\u00d3N RECOPILADA?<\/p>\n<p>(a) INFORMACI\u00d3N PERSONAL. No revelamos la informaci\u00f3n de identificaci\u00f3n personal a terceros, salvo a aquellos que utilizamos para facilitar el funcionamiento del sitio, como una empresa de alojamiento y un programa de correo electr\u00f3nico para env\u00edos postales.<\/p>\n<p>(b) INFORMACI\u00d3N AN\u00d3NIMA. Utilizamos informaci\u00f3n an\u00f3nima para analizar el tr\u00e1fico de nuestro Sitio. Adem\u00e1s, podemos utilizar direcciones IP an\u00f3nimas para ayudar a diagnosticar problemas con nuestro servidor, para administrar nuestro sitio o para mostrar el contenido de acuerdo con sus preferencias. La informaci\u00f3n sobre tr\u00e1fico y transacciones tambi\u00e9n puede compartirse con socios comerciales y anunciantes de forma agregada y an\u00f3nima.<\/p>\n<p>(c) USO DE COOKIES. Las promociones o anuncios mostrados en nuestro sitio pueden contener cookies. No tenemos acceso ni control sobre la informaci\u00f3n recopilada por anunciantes externos en nuestro sitio.<\/p>\n<p>(d) DIVULGACI\u00d3N DE INFORMACI\u00d3N PERSONAL. Podemos revelar cualquier informaci\u00f3n que tengamos sobre usted si as\u00ed lo exige la ley o si creemos de buena fe que dicha acci\u00f3n es necesaria para (1) cumplir con los edictos de la ley o con un proceso legal que se nos haya notificado, (2) proteger y defender nuestros derechos o propiedad o los de los usuarios del Sitio, o (3) actuar en circunstancias apremiantes para proteger la seguridad del p\u00fablico o de los usuarios del Sitio.<\/p>\n<p>(e) VENTA DE INFORMACI\u00d3N. Con el fin de adaptarnos a los cambios en nuestro negocio, podemos vender o comprar partes del Sitio o de nuestra empresa, incluida la informaci\u00f3n recopilada a trav\u00e9s de este Sitio. Si la Empresa o la pr\u00e1ctica totalidad de sus activos son adquiridos por un tercero, la informaci\u00f3n del usuario ser\u00e1 uno de los activos transferidos al adquirente.<\/p>\n<p><strong>4. SEGURIDAD<\/strong><\/p>\n<p>El Sitio cuenta con medidas de seguridad para evitar la p\u00e9rdida, el uso indebido y la alteraci\u00f3n de la informaci\u00f3n que obtenemos de usted, pero no garantizamos nuestra capacidad para evitarle a usted o a terceros cualquier p\u00e9rdida, uso indebido o alteraci\u00f3n.<\/p>\n<p><strong>5. \u00c1REAS DEL SITIO WEB QUE ESCAPAN AL CONTROL DE LA EMPRESA<\/strong><\/p>\n<p>5.1. SITIOS WEB DE TERCEROS<\/p>\n<p>De vez en cuando, el Sitio puede contener enlaces a otros sitios web. Si decide visitar esos sitios web, es importante que entienda que nuestras pr\u00e1cticas de privacidad y condiciones de uso no se extienden a esos sitios. Es su responsabilidad revisar las pol\u00edticas de privacidad de esos sitios web para confirmar que comprende y acepta sus pr\u00e1cticas.<\/p>\n<p><strong>6. INFORMACI\u00d3N DE CONTACTO Y ACTUALIZACIONES DE LA POL\u00cdTICA<\/strong><\/p>\n<p>6.1. COMO CONTACTARNOS<\/p>\n<p>Si tiene alguna pregunta sobre esta Pol\u00edtica o nuestras pr\u00e1cticas relacionadas con este Sitio, p\u00f3ngase en contacto con nosotros a trav\u00e9s del enlace \u00abContacto\u00bb del men\u00fa situado en la parte superior del sitio.<\/p>\n<p>6.2. ACTUALIZACIONES Y CAMBIOS<\/p>\n<p>Nos reservamos el derecho, en cualquier momento, de a\u00f1adir, cambiar, actualizar o modificar esta Pol\u00edtica para reflejar los cambios en nuestra Pol\u00edtica de Privacidad. Publicaremos dichos cambios en el Sitio en un lugar visible. A continuaci\u00f3n, podr\u00e1 decidir si desea aceptar dichos cambios de pol\u00edtica o dejar de utilizar el Sitio. Cualquier cambio, actualizaci\u00f3n o modificaci\u00f3n de este tipo entrar\u00e1 en vigor 30 d\u00edas despu\u00e9s de su publicaci\u00f3n en el Sitio. Es su responsabilidad revisar esta Pol\u00edtica de vez en cuando para asegurarse de que sigue estando de acuerdo con todos sus t\u00e9rminos.<\/p>\n<p>(a) Si se ha suscrito a nuestras comunicaciones por correo electr\u00f3nico, le notificaremos los cambios en la pol\u00edtica de privacidad tambi\u00e9n por correo electr\u00f3nico.<\/p>\n<\/div><\/div><\/div><\/div><\/div>\n","protected":false},"excerpt":{"rendered":"","protected":false},"author":1,"featured_media":0,"parent":0,"menu_order":0,"comment_status":"closed","ping_status":"open","template":"","meta":{"_acf_changed":false,"footnotes":""},"class_list":["post-260","page","type-page","status-publish","hentry"],"acf":[],"_links":{"self":[{"href":"https:\/\/stickmansound.com\/es\/wp-json\/wp\/v2\/pages\/260","targetHints":{"allow":["GET"]}}],"collection":[{"href":"https:\/\/stickmansound.com\/es\/wp-json\/wp\/v2\/pages"}],"about":[{"href":"https:\/\/stickmansound.com\/es\/wp-json\/wp\/v2\/types\/page"}],"author":[{"embeddable":true,"href":"https:\/\/stickmansound.com\/es\/wp-json\/wp\/v2\/users\/1"}],"replies":[{"embeddable":true,"href":"https:\/\/stickmansound.com\/es\/wp-json\/wp\/v2\/comments?post=260"}],"version-history":[{"count":0,"href":"https:\/\/stickmansound.com\/es\/wp-json\/wp\/v2\/pages\/260\/revisions"}],"wp:attachment":[{"href":"https:\/\/stickmansound.com\/es\/wp-json\/wp\/v2\/media?parent=260"}],"curies":[{"name":"wp","href":"https:\/\/api.w.org\/{rel}","templated":true}]}}